{"id":75,"date":"2026-05-07T10:12:41","date_gmt":"2026-05-07T08:12:41","guid":{"rendered":"https:\/\/verre-insert-49.fr\/index.php\/mentions-legales-siret\/"},"modified":"2026-05-07T10:29:38","modified_gmt":"2026-05-07T08:29:38","slug":"mentions-legales-siret","status":"publish","type":"page","link":"https:\/\/verre-insert-49.fr\/index.php\/mentions-legales-siret\/","title":{"rendered":"Mentions L\u00e9gales \/ SIRET"},"content":{"rendered":"<h2>Informations L\u00e9gales<\/h2>\n<p>Voici les informations relatives \u00e0 mon entreprise :<\/p>\n<ul>\n<li><strong>SIRET :<\/strong> 414 738 971 00020<\/li>\n<li><strong>Activit\u00e9 :<\/strong> Pose et remplacement de vitre d&#8217;insert et de po\u00eale \u00e0 bois<\/li>\n<li><strong>Zone d&#8217;intervention :<\/strong> Maine-et-Loire (49)<\/li>\n<\/ul>\n<p>Pour toute question relative \u00e0 ces informations, n&#8217;h\u00e9sitez pas \u00e0 me contacter.<\/p>\n","protected":false},"excerpt":{"rendered":"<p>Informations L\u00e9gales Voici les informations relatives \u00e0 mon entreprise : SIRET : 414 738 971 00020 Activit\u00e9 : Pose et remplacement de vitre d&#8217;insert et de po\u00eale \u00e0 bois Zone d&#8217;intervention : Maine-et-Loire (49) Pour toute question relative \u00e0 ces informations, n&#8217;h\u00e9sitez pas \u00e0 me contacter.<\/p>\n","protected":false},"author":1,"featured_media":0,"parent":0,"menu_order":0,"comment_status":"closed","ping_status":"closed","template":"","meta":{"_monsterinsights_skip_tracking":false,"_monsterinsights_sitenote_active":false,"_monsterinsights_sitenote_note":"","_monsterinsights_sitenote_category":0,"_uf_show_specific_survey":0,"_uf_disable_surveys":false,"footnotes":""},"class_list":["post-75","page","type-page","status-publish","hentry"],"yoast_head":"<!-- This site is optimized with the Yoast SEO plugin v27.5 - https:\/\/yoast.com\/product\/yoast-seo-wordpress\/ -->\n<title>Mentions L\u00e9gales \/ SIRET - verre-insert-49.fr<\/title>\n<meta name=\"robots\" content=\"index, follow, max-snippet:-1, max-image-preview:large, max-video-preview:-1\" \/>\n<link rel=\"canonical\" href=\"https:\/\/verre-insert-49.fr\/index.php\/mentions-legales-siret\/\" \/>\n<meta property=\"og:locale\" content=\"en_US\" \/>\n<meta property=\"og:type\" content=\"article\" \/>\n<meta property=\"og:title\" content=\"Mentions L\u00e9gales \/ SIRET - verre-insert-49.fr\" \/>\n<meta property=\"og:description\" content=\"Informations L\u00e9gales Voici les informations relatives \u00e0 mon entreprise : SIRET : 414 738 971 00020 Activit\u00e9 : Pose et remplacement de vitre d&#8217;insert et de po\u00eale \u00e0 bois Zone d&#8217;intervention : Maine-et-Loire (49) Pour toute question relative \u00e0 ces informations, n&#8217;h\u00e9sitez pas \u00e0 me contacter.\" \/>\n<meta property=\"og:url\" content=\"https:\/\/verre-insert-49.fr\/index.php\/mentions-legales-siret\/\" \/>\n<meta property=\"og:site_name\" content=\"verre-insert-49.fr\" \/>\n<meta property=\"article:modified_time\" content=\"2026-05-07T08:29:38+00:00\" \/>\n<meta name=\"twitter:card\" content=\"summary_large_image\" \/>\n<script type=\"application\/ld+json\" class=\"yoast-schema-graph\">{\"@context\":\"https:\\\/\\\/schema.org\",\"@graph\":[{\"@type\":\"WebPage\",\"@id\":\"https:\\\/\\\/verre-insert-49.fr\\\/index.php\\\/mentions-legales-siret\\\/\",\"url\":\"https:\\\/\\\/verre-insert-49.fr\\\/index.php\\\/mentions-legales-siret\\\/\",\"name\":\"Mentions L\u00e9gales \\\/ SIRET - verre-insert-49.fr\",\"isPartOf\":{\"@id\":\"https:\\\/\\\/verre-insert-49.fr\\\/#website\"},\"datePublished\":\"2026-05-07T08:12:41+00:00\",\"dateModified\":\"2026-05-07T08:29:38+00:00\",\"breadcrumb\":{\"@id\":\"https:\\\/\\\/verre-insert-49.fr\\\/index.php\\\/mentions-legales-siret\\\/#breadcrumb\"},\"inLanguage\":\"en-US\",\"potentialAction\":[{\"@type\":\"ReadAction\",\"target\":[\"https:\\\/\\\/verre-insert-49.fr\\\/index.php\\\/mentions-legales-siret\\\/\"]}]},{\"@type\":\"BreadcrumbList\",\"@id\":\"https:\\\/\\\/verre-insert-49.fr\\\/index.php\\\/mentions-legales-siret\\\/#breadcrumb\",\"itemListElement\":[{\"@type\":\"ListItem\",\"position\":1,\"name\":\"Home\",\"item\":\"https:\\\/\\\/verre-insert-49.fr\\\/\"},{\"@type\":\"ListItem\",\"position\":2,\"name\":\"Mentions L\u00e9gales \\\/ SIRET\"}]},{\"@type\":\"WebSite\",\"@id\":\"https:\\\/\\\/verre-insert-49.fr\\\/#website\",\"url\":\"https:\\\/\\\/verre-insert-49.fr\\\/\",\"name\":\"verre-insert-49.fr\",\"description\":\"7j\\\/7 vitre insert 49\",\"publisher\":{\"@id\":\"https:\\\/\\\/verre-insert-49.fr\\\/#\\\/schema\\\/person\\\/8cdd326779e3a4bd48f353397d49b237\"},\"potentialAction\":[{\"@type\":\"SearchAction\",\"target\":{\"@type\":\"EntryPoint\",\"urlTemplate\":\"https:\\\/\\\/verre-insert-49.fr\\\/?s={search_term_string}\"},\"query-input\":{\"@type\":\"PropertyValueSpecification\",\"valueRequired\":true,\"valueName\":\"search_term_string\"}}],\"inLanguage\":\"en-US\"},{\"@type\":[\"Person\",\"Organization\"],\"@id\":\"https:\\\/\\\/verre-insert-49.fr\\\/#\\\/schema\\\/person\\\/8cdd326779e3a4bd48f353397d49b237\",\"name\":\"noel\",\"image\":{\"@type\":\"ImageObject\",\"inLanguage\":\"en-US\",\"@id\":\"http:\\\/\\\/verre-insert-49.fr\\\/wp-content\\\/uploads\\\/2023\\\/10\\\/cropped-vignette.png\",\"url\":\"http:\\\/\\\/verre-insert-49.fr\\\/wp-content\\\/uploads\\\/2023\\\/10\\\/cropped-vignette.png\",\"contentUrl\":\"http:\\\/\\\/verre-insert-49.fr\\\/wp-content\\\/uploads\\\/2023\\\/10\\\/cropped-vignette.png\",\"width\":512,\"height\":512,\"caption\":\"noel\"},\"logo\":{\"@id\":\"http:\\\/\\\/verre-insert-49.fr\\\/wp-content\\\/uploads\\\/2023\\\/10\\\/cropped-vignette.png\"},\"sameAs\":[\"http:\\\/\\\/verre-insert-49.fr\"]}]}<\/script>\n<!-- \/ Yoast SEO plugin. -->","yoast_head_json":{"title":"Mentions L\u00e9gales \/ SIRET - verre-insert-49.fr","robots":{"index":"index","follow":"follow","max-snippet":"max-snippet:-1","max-image-preview":"max-image-preview:large","max-video-preview":"max-video-preview:-1"},"canonical":"https:\/\/verre-insert-49.fr\/index.php\/mentions-legales-siret\/","og_locale":"en_US","og_type":"article","og_title":"Mentions L\u00e9gales \/ SIRET - verre-insert-49.fr","og_description":"Informations L\u00e9gales Voici les informations relatives \u00e0 mon entreprise : SIRET : 414 738 971 00020 Activit\u00e9 : Pose et remplacement de vitre d&#8217;insert et de po\u00eale \u00e0 bois Zone d&#8217;intervention : Maine-et-Loire (49) Pour toute question relative \u00e0 ces informations, n&#8217;h\u00e9sitez pas \u00e0 me contacter.","og_url":"https:\/\/verre-insert-49.fr\/index.php\/mentions-legales-siret\/","og_site_name":"verre-insert-49.fr","article_modified_time":"2026-05-07T08:29:38+00:00","twitter_card":"summary_large_image","schema":{"@context":"https:\/\/schema.org","@graph":[{"@type":"WebPage","@id":"https:\/\/verre-insert-49.fr\/index.php\/mentions-legales-siret\/","url":"https:\/\/verre-insert-49.fr\/index.php\/mentions-legales-siret\/","name":"Mentions L\u00e9gales \/ SIRET - verre-insert-49.fr","isPartOf":{"@id":"https:\/\/verre-insert-49.fr\/#website"},"datePublished":"2026-05-07T08:12:41+00:00","dateModified":"2026-05-07T08:29:38+00:00","breadcrumb":{"@id":"https:\/\/verre-insert-49.fr\/index.php\/mentions-legales-siret\/#breadcrumb"},"inLanguage":"en-US","potentialAction":[{"@type":"ReadAction","target":["https:\/\/verre-insert-49.fr\/index.php\/mentions-legales-siret\/"]}]},{"@type":"BreadcrumbList","@id":"https:\/\/verre-insert-49.fr\/index.php\/mentions-legales-siret\/#breadcrumb","itemListElement":[{"@type":"ListItem","position":1,"name":"Home","item":"https:\/\/verre-insert-49.fr\/"},{"@type":"ListItem","position":2,"name":"Mentions L\u00e9gales \/ SIRET"}]},{"@type":"WebSite","@id":"https:\/\/verre-insert-49.fr\/#website","url":"https:\/\/verre-insert-49.fr\/","name":"verre-insert-49.fr","description":"7j\/7 vitre insert 49","publisher":{"@id":"https:\/\/verre-insert-49.fr\/#\/schema\/person\/8cdd326779e3a4bd48f353397d49b237"},"potentialAction":[{"@type":"SearchAction","target":{"@type":"EntryPoint","urlTemplate":"https:\/\/verre-insert-49.fr\/?s={search_term_string}"},"query-input":{"@type":"PropertyValueSpecification","valueRequired":true,"valueName":"search_term_string"}}],"inLanguage":"en-US"},{"@type":["Person","Organization"],"@id":"https:\/\/verre-insert-49.fr\/#\/schema\/person\/8cdd326779e3a4bd48f353397d49b237","name":"noel","image":{"@type":"ImageObject","inLanguage":"en-US","@id":"http:\/\/verre-insert-49.fr\/wp-content\/uploads\/2023\/10\/cropped-vignette.png","url":"http:\/\/verre-insert-49.fr\/wp-content\/uploads\/2023\/10\/cropped-vignette.png","contentUrl":"http:\/\/verre-insert-49.fr\/wp-content\/uploads\/2023\/10\/cropped-vignette.png","width":512,"height":512,"caption":"noel"},"logo":{"@id":"http:\/\/verre-insert-49.fr\/wp-content\/uploads\/2023\/10\/cropped-vignette.png"},"sameAs":["http:\/\/verre-insert-49.fr"]}]}},"_links":{"self":[{"href":"https:\/\/verre-insert-49.fr\/index.php\/wp-json\/wp\/v2\/pages\/75","targetHints":{"allow":["GET"]}}],"collection":[{"href":"https:\/\/verre-insert-49.fr\/index.php\/wp-json\/wp\/v2\/pages"}],"about":[{"href":"https:\/\/verre-insert-49.fr\/index.php\/wp-json\/wp\/v2\/types\/page"}],"author":[{"embeddable":true,"href":"https:\/\/verre-insert-49.fr\/index.php\/wp-json\/wp\/v2\/users\/1"}],"replies":[{"embeddable":true,"href":"https:\/\/verre-insert-49.fr\/index.php\/wp-json\/wp\/v2\/comments?post=75"}],"version-history":[{"count":2,"href":"https:\/\/verre-insert-49.fr\/index.php\/wp-json\/wp\/v2\/pages\/75\/revisions"}],"predecessor-version":[{"id":77,"href":"https:\/\/verre-insert-49.fr\/index.php\/wp-json\/wp\/v2\/pages\/75\/revisions\/77"}],"wp:attachment":[{"href":"https:\/\/verre-insert-49.fr\/index.php\/wp-json\/wp\/v2\/media?parent=75"}],"curies":[{"name":"wp","href":"https:\/\/api.w.org\/{rel}","templated":true}]}}